{"id":72,"date":"2023-05-29T10:56:42","date_gmt":"2023-05-29T09:56:42","guid":{"rendered":"https:\/\/dinhphuphotolab.com\/?page_id=72"},"modified":"2023-05-29T10:56:42","modified_gmt":"2023-05-29T09:56:42","slug":"chill-chill-chia-se","status":"publish","type":"page","link":"https:\/\/dinhphuphotolab.com\/index.php\/chill-chill-chia-se\/","title":{"rendered":"Chill chill chia s\u1ebb"},"content":{"rendered":"<p>[et_pb_section fb_built=&#8221;1&#8243; admin_label=&#8221;Header&#8221; _builder_version=&#8221;4.16&#8243; _module_preset=&#8221;default&#8221; background_color=&#8221;#92a5ab&#8221; background_image=&#8221;http:\/\/dinhphuphotolab.com\/wp-content\/uploads\/2023\/05\/estate-planning-77.png&#8221; background_position=&#8221;top_right&#8221; locked=&#8221;off&#8221; global_colors_info=&#8221;{}&#8221; theme_builder_area=&#8221;post_content&#8221;][et_pb_row column_structure=&#8221;1_2,1_2&#8243; _builder_version=&#8221;4.16&#8243; _module_preset=&#8221;default&#8221; global_colors_info=&#8221;{}&#8221; theme_builder_area=&#8221;post_content&#8221;][et_pb_column type=&#8221;1_2&#8243; _builder_version=&#8221;4.16&#8243; _module_preset=&#8221;default&#8221; global_colors_info=&#8221;{}&#8221; theme_builder_area=&#8221;post_content&#8221;][et_pb_divider color=&#8221;#000000&#8243; divider_weight=&#8221;5px&#8221; _builder_version=&#8221;4.16&#8243; _module_preset=&#8221;default&#8221; max_width=&#8221;50px&#8221; custom_margin=&#8221;||0px||false|false&#8221; global_colors_info=&#8221;{}&#8221; theme_builder_area=&#8221;post_content&#8221;][\/et_pb_divider][et_pb_text _builder_version=&#8221;4.16&#8243; _module_preset=&#8221;b3e3ff14-5f5c-4608-8ecf-1885ce3da7aa&#8221; header_font=&#8221;DM Serif Display||||||||&#8221; header_text_color=&#8221;#000000&#8243; header_font_size=&#8221;70px&#8221; header_line_height=&#8221;1.1em&#8221; custom_margin=&#8221;||10px||false|false&#8221; header_font_size_tablet=&#8221;40px&#8221; header_font_size_phone=&#8221;24px&#8221; header_font_size_last_edited=&#8221;on|desktop&#8221; global_colors_info=&#8221;{}&#8221; theme_builder_area=&#8221;post_content&#8221;]<\/p>\n<h1>Chill chill<\/h1>\n<h1>chia s\u1ebb<\/h1>\n<p>[\/et_pb_text][et_pb_text _builder_version=&#8221;4.16&#8243; _module_preset=&#8221;da86b6f0-f83c-4c7c-bdd8-3019777ddffe&#8221; text_font=&#8221;Josefin Sans||||||||&#8221; text_text_color=&#8221;#000000&#8243; text_font_size=&#8221;16px&#8221; text_line_height=&#8221;1.6em&#8221; max_width=&#8221;380px&#8221; text_font_size_tablet=&#8221;15px&#8221; text_font_size_phone=&#8221;14px&#8221; text_font_size_last_edited=&#8221;on|desktop&#8221; global_colors_info=&#8221;{}&#8221; theme_builder_area=&#8221;post_content&#8221;]<\/p>\n<p>B\u1ea1n \u0111am m\u00ea nhi\u1ebfp \u1ea3nh v\u00e0 mu\u1ed1n bi\u1ebfn nh\u1eefng b\u1ee9c \u1ea3nh c\u1ee7a m\u00ecnh tr\u1edf n\u00ean s\u1ed1ng \u0111\u1ed9ng h\u01a1n? B\u1ea1n \u0111ang t\u00ecm ki\u1ebfm c\u00e1ch ch\u1ec9nh s\u1eeda m\u00e0u s\u1eafc chuy\u00ean nghi\u1ec7p \u0111\u1ec3 th\u1ec3 hi\u1ec7n t\u00e2m tr\u1ea1ng v\u00e0 \u00fd ngh\u0129a c\u1ee7a h\u00ecnh \u1ea3nh? Hay b\u1ea1n mu\u1ed1n hi\u1ec3n th\u1ecb \u1ea3nh c\u1ee7a m\u00ecnh m\u1ed9t c\u00e1ch \u0111\u1eb9p m\u1eaft v\u00e0 tinh t\u1ebf? N\u01a1i \u0111\u00e2y cung c\u1ea5p nh\u1eefng h\u01b0\u1edbng d\u1eabn chi ti\u1ebft v\u00e0 b\u01b0\u1edbc \u0111\u1ea7u cho b\u1ea1n v\u1ec1 c\u00e1ch ch\u1ec9nh m\u00e0u \u0111\u1ec3 mang l\u1ea1i s\u1ef1 s\u00e1ng t\u1ea1o v\u00e0 \u1ea5n t\u01b0\u1ee3ng cho b\u1ee9c \u1ea3nh c\u1ee7a b\u1ea1n.\u00a0<\/p>\n<p>[\/et_pb_text][\/et_pb_column][et_pb_column type=&#8221;1_2&#8243; _builder_version=&#8221;4.16&#8243; _module_preset=&#8221;default&#8221; background_color=&#8221;#FFFFFF&#8221; custom_padding=&#8221;50px|50px|50px|50px|true|true&#8221; custom_padding_tablet=&#8221;40px|30px|40px|30px|true|true&#8221; custom_padding_phone=&#8221;|20px||20px|true|true&#8221; custom_padding_last_edited=&#8221;on|phone&#8221; border_radii=&#8221;on|16px|16px|16px|16px&#8221; box_shadow_style=&#8221;preset2&#8243; box_shadow_horizontal=&#8221;0px&#8221; box_shadow_vertical=&#8221;10px&#8221; box_shadow_blur=&#8221;50px&#8221; box_shadow_spread=&#8221;-10px&#8221; box_shadow_color=&#8221;rgba(0,0,0,0.12)&#8221; global_colors_info=&#8221;{}&#8221; theme_builder_area=&#8221;post_content&#8221;][et_pb_text _builder_version=&#8221;4.16&#8243; _module_preset=&#8221;90865f4d-2cce-42a7-b40e-d3fbad25605a&#8221; header_2_font=&#8221;DM Serif Display||||||||&#8221; header_2_text_color=&#8221;#000000&#8243; header_2_font_size=&#8221;48px&#8221; header_2_line_height=&#8221;1.2em&#8221; custom_margin=&#8221;||10px||false|false&#8221; header_2_font_size_tablet=&#8221;32px&#8221; header_2_font_size_phone=&#8221;20px&#8221; header_2_font_size_last_edited=&#8221;on|phone&#8221; global_colors_info=&#8221;{}&#8221; theme_builder_area=&#8221;post_content&#8221;]<\/p>\n<h2>\u0110\u0103ng k\u00ed b\u1ea3n tin<\/h2>\n<p>[\/et_pb_text][et_pb_signup mailchimp_list=&#8221;elegantthemestest|1ea2bbd026&#8243; layout=&#8221;top_bottom&#8221; first_name_field=&#8221;off&#8221; last_name_field=&#8221;off&#8221; _builder_version=&#8221;4.16&#8243; _module_preset=&#8221;default&#8221; form_field_background_color=&#8221;RGBA(0,0,0,0)&#8221; form_field_text_color=&#8221;#000000&#8243; header_font=&#8221;DM Serif Display||||||||&#8221; header_text_color=&#8221;#000000&#8243; header_font_size=&#8221;30px&#8221; header_line_height=&#8221;1.4em&#8221; form_field_font=&#8221;Josefin Sans||||||||&#8221; form_field_line_height=&#8221;1.8em&#8221; use_background_color=&#8221;off&#8221; custom_button=&#8221;on&#8221; button_text_size=&#8221;14px&#8221; button_bg_color=&#8221;#000000&#8243; button_border_width=&#8221;12px&#8221; button_border_color=&#8221;RGBA(0,0,0,0)&#8221; button_border_radius=&#8221;100px&#8221; button_letter_spacing=&#8221;2px&#8221; button_font=&#8221;Josefin Sans|700|||||||&#8221; button_icon=&#8221;&#x24;||divi||400&#8243; border_radii_fields=&#8221;on|0px|0px|0px|0px&#8221; border_width_all_fields=&#8221;1px&#8221; border_color_all_fields=&#8221;rgba(0,0,0,0.12)&#8221; global_colors_info=&#8221;{}&#8221; theme_builder_area=&#8221;post_content&#8221;][\/et_pb_signup][\/et_pb_column][\/et_pb_row][\/et_pb_section][et_pb_section fb_built=&#8221;1&#8243; admin_label=&#8221;Blog&#8221; _builder_version=&#8221;4.16&#8243; _module_preset=&#8221;default&#8221; global_colors_info=&#8221;{}&#8221; theme_builder_area=&#8221;post_content&#8221;][et_pb_row column_structure=&#8221;1_2,1_2&#8243; _builder_version=&#8221;4.16&#8243; _module_preset=&#8221;default&#8221; global_colors_info=&#8221;{}&#8221; theme_builder_area=&#8221;post_content&#8221;][et_pb_column type=&#8221;1_2&#8243; _builder_version=&#8221;4.16&#8243; _module_preset=&#8221;default&#8221; global_colors_info=&#8221;{}&#8221; theme_builder_area=&#8221;post_content&#8221;][et_pb_image src=&#8221;http:\/\/dinhphuphotolab.com\/wp-content\/uploads\/2023\/05\/estate-planning-46.png&#8221; title_text=&#8221;estate-planning-46&#8243; _builder_version=&#8221;4.16&#8243; _module_preset=&#8221;default&#8221; global_colors_info=&#8221;{}&#8221; theme_builder_area=&#8221;post_content&#8221;][\/et_pb_image][\/et_pb_column][et_pb_column type=&#8221;1_2&#8243; _builder_version=&#8221;4.16&#8243; _module_preset=&#8221;default&#8221; global_colors_info=&#8221;{}&#8221; theme_builder_area=&#8221;post_content&#8221;][et_pb_blog posts_number=&#8221;3&#8243; show_thumbnail=&#8221;off&#8221; show_author=&#8221;off&#8221; show_pagination=&#8221;off&#8221; _builder_version=&#8221;4.20.4&#8243; _module_preset=&#8221;default&#8221; header_font=&#8221;DM Serif Display||||||||&#8221; header_text_color=&#8221;#000000&#8243; header_font_size=&#8221;22px&#8221; header_line_height=&#8221;1.4em&#8221; body_font=&#8221;Josefin Sans||||||||&#8221; body_text_color=&#8221;#000000&#8243; body_line_height=&#8221;1.8em&#8221; meta_font=&#8221;Josefin Sans||||||||&#8221; meta_text_color=&#8221;#979797&#8243; meta_line_height=&#8221;1.8em&#8221; pagination_font=&#8221;Josefin Sans|700|||||||&#8221; pagination_text_color=&#8221;#000000&#8243; pagination_line_height=&#8221;1.8em&#8221; hover_enabled=&#8221;0&#8243; header_font_size_tablet=&#8221;20px&#8221; header_font_size_phone=&#8221;16px&#8221; header_font_size_last_edited=&#8221;on|phone&#8221; body_font_size_tablet=&#8221;15px&#8221; body_font_size_phone=&#8221;14px&#8221; body_font_size_last_edited=&#8221;off|desktop&#8221; locked=&#8221;off&#8221; global_colors_info=&#8221;{}&#8221; theme_builder_area=&#8221;post_content&#8221; include_categories=&#8221;all&#8221; sticky_enabled=&#8221;0&#8243;][\/et_pb_blog][\/et_pb_column][\/et_pb_row][\/et_pb_section][et_pb_section fb_built=&#8221;1&#8243; prev_background_color=&#8221;#ffffff&#8221; admin_label=&#8221;Blog&#8221; _builder_version=&#8221;4.16&#8243; _module_preset=&#8221;default&#8221; background_color=&#8221;#c6e6e1&#8243; custom_padding=&#8221;10vw||||false|false&#8221; top_divider_style=&#8221;slant&#8221; top_divider_height=&#8221;10vw&#8221; global_colors_info=&#8221;{%22gcid-0ce8a763-63f9-4b73-a0c5-972528f981a1%22:%91%93}&#8221; theme_builder_area=&#8221;post_content&#8221;][et_pb_row _builder_version=&#8221;4.16&#8243; _module_preset=&#8221;default&#8221; global_colors_info=&#8221;{}&#8221; theme_builder_area=&#8221;post_content&#8221;][et_pb_column type=&#8221;4_4&#8243; _builder_version=&#8221;4.16&#8243; _module_preset=&#8221;default&#8221; global_colors_info=&#8221;{}&#8221; theme_builder_area=&#8221;post_content&#8221;][et_pb_blog fullwidth=&#8221;off&#8221; posts_number=&#8221;6&#8243; show_author=&#8221;off&#8221; _builder_version=&#8221;4.20.4&#8243; _module_preset=&#8221;default&#8221; header_font=&#8221;DM Serif Display||||||||&#8221; header_text_color=&#8221;#000000&#8243; header_font_size=&#8221;22px&#8221; header_line_height=&#8221;1.4em&#8221; body_font=&#8221;Josefin Sans||||||||&#8221; body_text_color=&#8221;#000000&#8243; body_line_height=&#8221;1.8em&#8221; meta_font=&#8221;Josefin Sans||||||||&#8221; meta_text_color=&#8221;#979797&#8243; meta_line_height=&#8221;1.8em&#8221; pagination_font=&#8221;Josefin Sans|700|||||||&#8221; pagination_text_color=&#8221;#000000&#8243; pagination_line_height=&#8221;1.8em&#8221; hover_enabled=&#8221;0&#8243; header_font_size_tablet=&#8221;20px&#8221; header_font_size_phone=&#8221;16px&#8221; header_font_size_last_edited=&#8221;on|phone&#8221; body_font_size_tablet=&#8221;15px&#8221; body_font_size_phone=&#8221;14px&#8221; body_font_size_last_edited=&#8221;off|desktop&#8221; border_radii=&#8221;on|20px|20px|20px|20px&#8221; border_width_all=&#8221;0px&#8221; locked=&#8221;off&#8221; global_colors_info=&#8221;{}&#8221; theme_builder_area=&#8221;post_content&#8221; include_categories=&#8221;all&#8221; sticky_enabled=&#8221;0&#8243;][\/et_pb_blog][\/et_pb_column][\/et_pb_row][\/et_pb_section]<\/p>\n","protected":false},"excerpt":{"rendered":"<p>Chill chill chia s\u1ebbB\u1ea1n \u0111am m\u00ea nhi\u1ebfp \u1ea3nh v\u00e0 mu\u1ed1n bi\u1ebfn nh\u1eefng b\u1ee9c \u1ea3nh c\u1ee7a m\u00ecnh tr\u1edf n\u00ean s\u1ed1ng \u0111\u1ed9ng h\u01a1n? B\u1ea1n \u0111ang t\u00ecm ki\u1ebfm c\u00e1ch ch\u1ec9nh s\u1eeda m\u00e0u s\u1eafc chuy\u00ean nghi\u1ec7p \u0111\u1ec3 th\u1ec3 hi\u1ec7n t\u00e2m tr\u1ea1ng v\u00e0 \u00fd ngh\u0129a c\u1ee7a h\u00ecnh \u1ea3nh? Hay b\u1ea1n mu\u1ed1n hi\u1ec3n th\u1ecb \u1ea3nh c\u1ee7a m\u00ecnh m\u1ed9t c\u00e1ch \u0111\u1eb9p m\u1eaft [&hellip;]<\/p>\n","protected":false},"author":2,"featured_media":0,"parent":0,"menu_order":0,"comment_status":"closed","ping_status":"closed","template":"","meta":{"_et_pb_use_builder":"on","_et_pb_old_content":"","_et_gb_content_width":"","om_disable_all_campaigns":false,"_mi_skip_tracking":false},"aioseo_notices":[],"_links":{"self":[{"href":"https:\/\/dinhphuphotolab.com\/index.php\/wp-json\/wp\/v2\/pages\/72"}],"collection":[{"href":"https:\/\/dinhphuphotolab.com\/index.php\/wp-json\/wp\/v2\/pages"}],"about":[{"href":"https:\/\/dinhphuphotolab.com\/index.php\/wp-json\/wp\/v2\/types\/page"}],"author":[{"embeddable":true,"href":"https:\/\/dinhphuphotolab.com\/index.php\/wp-json\/wp\/v2\/users\/2"}],"replies":[{"embeddable":true,"href":"https:\/\/dinhphuphotolab.com\/index.php\/wp-json\/wp\/v2\/comments?post=72"}],"version-history":[{"count":2,"href":"https:\/\/dinhphuphotolab.com\/index.php\/wp-json\/wp\/v2\/pages\/72\/revisions"}],"predecessor-version":[{"id":79,"href":"https:\/\/dinhphuphotolab.com\/index.php\/wp-json\/wp\/v2\/pages\/72\/revisions\/79"}],"wp:attachment":[{"href":"https:\/\/dinhphuphotolab.com\/index.php\/wp-json\/wp\/v2\/media?parent=72"}],"curies":[{"name":"wp","href":"https:\/\/api.w.org\/{rel}","templated":true}]}}